{"id":1077,"date":"2025-03-04T15:41:04","date_gmt":"2025-03-04T08:41:04","guid":{"rendered":"https:\/\/royalhoianvillas.com\/?page_id=1077"},"modified":"2025-03-11T10:14:52","modified_gmt":"2025-03-11T03:14:52","slug":"activities","status":"publish","type":"page","link":"https:\/\/royalhoianvillas.com\/vi\/activities\/","title":{"rendered":"Activities"},"content":{"rendered":"<div data-elementor-type=\"wp-page\" data-elementor-id=\"1077\" class=\"elementor elementor-1077\" data-elementor-post-type=\"page\">\n\t\t\t\t<div class=\"has_ae_slider elementor-element elementor-element-5e9e68a e-con-full ae-bg-gallery-type-default e-flex e-con e-parent\" data-id=\"5e9e68a\" data-element_type=\"container\" data-settings=\"{&quot;jet_parallax_layout_list&quot;:[],&quot;wcf-animation&quot;:&quot;none&quot;,&quot;wcf_pin_breakpoint&quot;:&quot;mobile&quot;}\">\n\t\t<div class=\"has_ae_slider elementor-element elementor-element-e8d88a2 e-con-full ae-bg-gallery-type-default e-flex e-con e-child\" data-id=\"e8d88a2\" data-element_type=\"container\" data-settings=\"{&quot;background_background&quot;:&quot;classic&quot;,&quot;jet_parallax_layout_list&quot;:[],&quot;wcf-animation&quot;:&quot;none&quot;,&quot;wcf_pin_breakpoint&quot;:&quot;mobile&quot;}\">\n\t\t\t\t<div class=\"elementor-element elementor-element-debcf0d elementor-absolute elementor-widget elementor-widget-html\" data-id=\"debcf0d\" data-element_type=\"widget\" data-settings=\"{&quot;_position&quot;:&quot;absolute&quot;,&quot;wcf-animation&quot;:&quot;none&quot;}\" data-widget_type=\"html.default\">\n\t\t\t\t<div class=\"elementor-widget-container\">\n\t\t\t\t\t<script>\nwindow.addEventListener('scroll', function() {\n  var scrollFactor = 20; \/\/ \u0110i\u1ec1u ch\u1ec9nh h\u1ec7 s\u1ed1 \u0111\u1ec3 gi\u1ea3m t\u1ed1c \u0111\u1ed9 thu nh\u1ecf\n  var scrollPercent = scrollFactor * window.scrollY \/ (document.documentElement.scrollHeight - window.innerHeight);\n\n  var initialWidth = 100; \/\/ \u0110\u1ed9 r\u1ed9ng ban \u0111\u1ea7u l\u00e0 100%\n  var minWidth = 90; \/\/ \u0110\u1ed9 r\u1ed9ng t\u1ed1i thi\u1ec3u \u0111\u1ec3 kh\u00f4ng b\u1ecb thu nh\u1ecf qu\u00e1 m\u1ee9c\n  var widthPercent = initialWidth - scrollPercent;\n\n  if (widthPercent < minWidth) {\n    widthPercent = minWidth; \/\/ \u0110\u1ea3m b\u1ea3o width kh\u00f4ng nh\u1ecf h\u01a1n minWidth\n  }\n\n  var poolContainer = document.getElementById('poolContainer');\n  poolContainer.style.width = widthPercent + '%';\n});\n<\/script>\t\t\t\t<\/div>\n\t\t\t\t<\/div>\n\t\t<div class=\"has_ae_slider elementor-element elementor-element-f3ff498 e-con-full e-flex ae-bg-gallery-type-default e-con e-child\" data-id=\"f3ff498\" data-element_type=\"container\" data-settings=\"{&quot;jet_parallax_layout_list&quot;:[],&quot;wcf-animation&quot;:&quot;none&quot;,&quot;wcf_pin_breakpoint&quot;:&quot;mobile&quot;}\">\n\t\t\t\t<div class=\"elementor-element elementor-element-3677963 wcf-t-animation-text_invert elementor-widget elementor-widget-heading\" data-id=\"3677963\" data-element_type=\"widget\" data-settings=\"{&quot;wcf_text_animation&quot;:&quot;text_invert&quot;,&quot;wcf-animation&quot;:&quot;none&quot;}\" data-widget_type=\"heading.default\">\n\t\t\t\t<div class=\"elementor-widget-container\">\n\t\t\t\t\t<span class=\"elementor-heading-title elementor-size-default\">Kh\u00e1m ph\u00e1<\/span>\t\t\t\t<\/div>\n\t\t\t\t<\/div>\n\t\t\t\t<\/div>\n\t\t\t\t<\/div>\n\t\t\t\t<\/div>\n\t\t<div class=\"has_ae_slider elementor-element elementor-element-9cf2215 e-con-full e-flex ae-bg-gallery-type-default e-con e-parent\" data-id=\"9cf2215\" data-element_type=\"container\" data-settings=\"{&quot;jet_parallax_layout_list&quot;:[],&quot;wcf-animation&quot;:&quot;none&quot;,&quot;wcf_pin_breakpoint&quot;:&quot;mobile&quot;}\">\n\t\t\t\t<div class=\"elementor-element elementor-element-cade9ed elementor-widget elementor-widget-image\" data-id=\"cade9ed\" data-element_type=\"widget\" data-settings=\"{&quot;wcf-image-animation&quot;:&quot;none&quot;,&quot;wcf-animation&quot;:&quot;none&quot;}\" data-widget_type=\"image.default\">\n\t\t\t\t<div class=\"elementor-widget-container\">\n\t\t\t\t\t\t\t\t\t\t\t\t\t\t\t<img fetchpriority=\"high\" decoding=\"async\" width=\"777\" height=\"482\" src=\"https:\/\/royalhoianvillas.com\/wp-content\/uploads\/2025\/02\/HARBV.svg\" class=\"attachment-large size-large wp-image-51\" alt=\"\" \/>\t\t\t\t\t\t\t\t\t\t\t\t\t\t\t<\/div>\n\t\t\t\t<\/div>\n\t\t\t\t<div class=\"elementor-element elementor-element-7a26302 wcf-t-animation-text_reveal elementor-widget elementor-widget-heading\" data-id=\"7a26302\" data-element_type=\"widget\" data-settings=\"{&quot;wcf_text_animation&quot;:&quot;text_reveal&quot;,&quot;text_delay&quot;:0.15,&quot;text_duration&quot;:1,&quot;text_stagger&quot;:0.02,&quot;text_on_scroll&quot;:&quot;yes&quot;,&quot;wcf-animation&quot;:&quot;none&quot;}\" data-widget_type=\"heading.default\">\n\t\t\t\t<div class=\"elementor-widget-container\">\n\t\t\t\t\t<h2 class=\"elementor-heading-title elementor-size-default\">CHU\u1ed6I HO\u1ea0T \u0110\u1ed8NG B\u1ea4T T\u1eacN<\/h2>\t\t\t\t<\/div>\n\t\t\t\t<\/div>\n\t\t\t\t<div class=\"elementor-element elementor-element-72ae484 elementor-widget__width-initial wcf-t-animation-none elementor-widget elementor-widget-text-editor\" data-id=\"72ae484\" data-element_type=\"widget\" data-settings=\"{&quot;wcf_text_animation&quot;:&quot;none&quot;,&quot;wcf-animation&quot;:&quot;none&quot;}\" data-widget_type=\"text-editor.default\">\n\t\t\t\t<div class=\"elementor-widget-container\">\n\t\t\t\t\t\t\t\t\t<p>T\u1eadn h\u01b0\u1edfng nh\u1eefng kho\u1ea3nh kh\u1eafc h\u00f2a m\u00ecnh gi\u1eefa thi\u00ean nhi\u00ean t\u1eeb \u0111\u1ea1p xe \u0111i d\u1ea1o, t\u1eafm n\u1eafng t\u1edbi c\u00e1c tr\u00f2 ch\u01a1i tr\u00ean b\u00e3i bi\u1ec3n nh\u01b0 th\u1ea3 di\u1ec1u, \u0111\u00e1 b\u00f3ng, tr\u1ea3i nghi\u1ec7m \u0111\u00e1nh b\u1eaft c\u00e1 b\u1eb1ng l\u01b0\u1edbi theo ki\u1ec3u b\u1ea3n \u0111\u1ecba. Khu ngh\u1ec9 d\u01b0\u1ee1ng b\u00e0i tr\u00ed b\u00f3ng b\u00e0n, bi-a v\u00e0 bi l\u1eafc n\u1ebfu b\u1ea1n mu\u1ed1n th\u01b0 gi\u00e3n trong nh\u00e0.<\/p>\t\t\t\t\t\t\t\t<\/div>\n\t\t\t\t<\/div>\n\t\t\t\t<\/div>\n\t\t<div class=\"has_ae_slider elementor-element elementor-element-0c2f0a8 e-flex e-con-boxed ae-bg-gallery-type-default e-con e-parent\" data-id=\"0c2f0a8\" data-element_type=\"container\" data-settings=\"{&quot;jet_parallax_layout_list&quot;:[],&quot;wcf-animation&quot;:&quot;none&quot;,&quot;wcf_pin_breakpoint&quot;:&quot;mobile&quot;}\">\n\t\t\t\t\t<div class=\"e-con-inner\">\n\t\t\t\t<div class=\"elementor-element elementor-element-8aea6f8 elementor-widget elementor-widget-jet-listing-grid\" data-id=\"8aea6f8\" data-element_type=\"widget\" data-settings=\"{&quot;columns&quot;:&quot;3&quot;,&quot;columns_tablet&quot;:&quot;2&quot;,&quot;columns_mobile&quot;:&quot;1&quot;,&quot;wcf-animation&quot;:&quot;none&quot;}\" data-widget_type=\"jet-listing-grid.default\">\n\t\t\t\t<div class=\"elementor-widget-container\">\n\t\t\t\t\t<div class=\"jet-listing-grid jet-listing\"><div class=\"jet-listing-grid__items grid-col-desk-3 grid-col-tablet-2 grid-col-mobile-1 jet-listing-grid--1026\" data-queried-id=\"1077|WP_Post\" data-nav=\"{&quot;enabled&quot;:false,&quot;type&quot;:null,&quot;more_el&quot;:null,&quot;query&quot;:[],&quot;widget_settings&quot;:{&quot;lisitng_id&quot;:1026,&quot;posts_num&quot;:12,&quot;columns&quot;:3,&quot;columns_tablet&quot;:2,&quot;columns_mobile&quot;:1,&quot;is_archive_template&quot;:&quot;&quot;,&quot;post_status&quot;:[&quot;publish&quot;],&quot;use_random_posts_num&quot;:&quot;&quot;,&quot;max_posts_num&quot;:9,&quot;not_found_message&quot;:&quot;No data was found&quot;,&quot;is_masonry&quot;:false,&quot;equal_columns_height&quot;:&quot;&quot;,&quot;use_load_more&quot;:&quot;&quot;,&quot;load_more_id&quot;:&quot;&quot;,&quot;load_more_type&quot;:&quot;click&quot;,&quot;load_more_offset&quot;:{&quot;unit&quot;:&quot;px&quot;,&quot;size&quot;:0,&quot;sizes&quot;:[]},&quot;use_custom_post_types&quot;:&quot;yes&quot;,&quot;custom_post_types&quot;:[&quot;activities&quot;],&quot;hide_widget_if&quot;:&quot;&quot;,&quot;carousel_enabled&quot;:&quot;&quot;,&quot;slides_to_scroll&quot;:&quot;1&quot;,&quot;arrows&quot;:&quot;true&quot;,&quot;arrow_icon&quot;:&quot;fa fa-angle-left&quot;,&quot;dots&quot;:&quot;&quot;,&quot;autoplay&quot;:&quot;true&quot;,&quot;pause_on_hover&quot;:&quot;true&quot;,&quot;autoplay_speed&quot;:5000,&quot;infinite&quot;:&quot;true&quot;,&quot;center_mode&quot;:&quot;true&quot;,&quot;effect&quot;:&quot;slide&quot;,&quot;speed&quot;:500,&quot;inject_alternative_items&quot;:&quot;&quot;,&quot;injection_items&quot;:[],&quot;scroll_slider_enabled&quot;:&quot;&quot;,&quot;scroll_slider_on&quot;:[&quot;desktop&quot;,&quot;tablet&quot;,&quot;mobile&quot;],&quot;custom_query&quot;:false,&quot;custom_query_id&quot;:&quot;&quot;,&quot;_element_id&quot;:&quot;&quot;,&quot;collapse_first_last_gap&quot;:false,&quot;list_items_wrapper_tag&quot;:&quot;div&quot;,&quot;list_item_tag&quot;:&quot;div&quot;,&quot;empty_items_wrapper_tag&quot;:&quot;div&quot;}}\" data-page=\"1\" data-pages=\"1\" data-listing-source=\"posts\" data-listing-id=\"1026\" data-query-id=\"\"><div class=\"jet-listing-grid__item jet-listing-dynamic-post-1071\" data-post-id=\"1071\" >\t\t<div data-elementor-type=\"jet-listing-items\" data-elementor-id=\"1026\" class=\"elementor elementor-1026\" data-elementor-post-type=\"jet-engine\">\n\t\t\t\t<div class=\"has_ae_slider elementor-element elementor-element-79346b8 e-con-full e-flex ae-bg-gallery-type-default e-con e-parent\" data-id=\"79346b8\" data-element_type=\"container\" data-settings=\"{&quot;background_background&quot;:&quot;classic&quot;,&quot;jet_parallax_layout_list&quot;:[],&quot;wcf-animation&quot;:&quot;none&quot;,&quot;wcf_pin_breakpoint&quot;:&quot;mobile&quot;}\">\n\t\t\t\t<div class=\"elementor-element elementor-element-1321aef elementor-widget elementor-widget-image\" data-id=\"1321aef\" data-element_type=\"widget\" data-settings=\"{&quot;wcf-image-animation&quot;:&quot;none&quot;,&quot;wcf-animation&quot;:&quot;none&quot;}\" data-widget_type=\"image.default\">\n\t\t\t\t<div class=\"elementor-widget-container\">\n\t\t\t\t\t\t\t\t\t\t\t\t\t\t\t<img decoding=\"async\" width=\"800\" height=\"534\" src=\"https:\/\/royalhoianvillas.com\/wp-content\/uploads\/2025\/03\/4-Taichi-class-1024x683.webp\" class=\"attachment-large size-large wp-image-1066\" alt=\"\" srcset=\"https:\/\/royalhoianvillas.com\/wp-content\/uploads\/2025\/03\/4-Taichi-class-1024x683.webp 1024w, https:\/\/royalhoianvillas.com\/wp-content\/uploads\/2025\/03\/4-Taichi-class-300x200.webp 300w, https:\/\/royalhoianvillas.com\/wp-content\/uploads\/2025\/03\/4-Taichi-class-768x512.webp 768w, https:\/\/royalhoianvillas.com\/wp-content\/uploads\/2025\/03\/4-Taichi-class-1536x1024.webp 1536w, https:\/\/royalhoianvillas.com\/wp-content\/uploads\/2025\/03\/4-Taichi-class.webp 1920w\" sizes=\"(max-width: 800px) 100vw, 800px\" \/>\t\t\t\t\t\t\t\t\t\t\t\t\t\t\t<\/div>\n\t\t\t\t<\/div>\n\t\t<div class=\"has_ae_slider elementor-element elementor-element-6556074 e-flex e-con-boxed ae-bg-gallery-type-default e-con e-child\" data-id=\"6556074\" data-element_type=\"container\" data-settings=\"{&quot;jet_parallax_layout_list&quot;:[],&quot;wcf-animation&quot;:&quot;none&quot;,&quot;wcf_pin_breakpoint&quot;:&quot;mobile&quot;}\">\n\t\t\t\t\t<div class=\"e-con-inner\">\n\t\t<div class=\"has_ae_slider elementor-element elementor-element-2ba3129 e-con-full e-flex ae-bg-gallery-type-default e-con e-child\" data-id=\"2ba3129\" data-element_type=\"container\" data-settings=\"{&quot;jet_parallax_layout_list&quot;:[],&quot;wcf-animation&quot;:&quot;none&quot;,&quot;wcf_pin_breakpoint&quot;:&quot;mobile&quot;}\">\n\t\t\t\t<div class=\"elementor-element elementor-element-0dfb10b trim-title wcf-t-animation-none elementor-widget elementor-widget-heading\" data-id=\"0dfb10b\" data-element_type=\"widget\" data-settings=\"{&quot;wcf_text_animation&quot;:&quot;none&quot;,&quot;wcf-animation&quot;:&quot;none&quot;}\" data-post-id=\"\" data-widget_type=\"heading.default\">\n\t\t\t\t<div class=\"elementor-widget-container\">\n\t\t\t\t\t<h3 class=\"elementor-heading-title elementor-size-default\">L\u1edaP H\u1eccC TH\u00c1I C\u1ef0C QUY\u1ec0N<\/h3>\t\t\t\t<\/div>\n\t\t\t\t<\/div>\n\t\t\t\t<div class=\"elementor-element elementor-element-7af03ca elementor-widget__width-initial wcf-t-animation-none elementor-widget elementor-widget-text-editor\" data-id=\"7af03ca\" data-element_type=\"widget\" data-settings=\"{&quot;_animation_mobile&quot;:&quot;fadeInUp&quot;,&quot;wcf_text_animation&quot;:&quot;none&quot;,&quot;wcf-animation&quot;:&quot;none&quot;}\" data-widget_type=\"text-editor.default\">\n\t\t\t\t<div class=\"elementor-widget-container\">\n\t\t\t\t\t\t\t\t\t<p>T\u00ecm l\u1ea1i s\u1ef1 b\u00ecnh y\u00ean v\u00e0 h\u00e0i h\u00f2a v\u1edbi l\u1edbp h\u1ecdc Th\u00e1i C\u1ef1c Quy\u1ec1n, m\u1ed9t b\u1ed9 m\u00f4n nh\u1eb9 nh\u00e0ng nh\u01b0ng \u0111\u1ea7y s\u1ee9c m\u1ea1nh gi\u00fap kh\u00f4i ph\u1ee5c s\u1ef1 c\u00e2n b\u1eb1ng v\u00e0 t\u0129nh t\u1ea1i. Trong kh\u00f4ng gian y\u00ean b\u00ecnh c\u1ee7a khu ngh\u1ec9 d\u01b0\u1ee1ng sang tr\u1ecdng, h\u00e3y th\u1ea3 l\u1ecfng c\u01a1 th\u1ec3, h\u00edt th\u1edf s\u00e2u v\u00e0 t\u1eadn h\u01b0\u1edfng ngu\u1ed3n n\u0103ng l\u01b0\u1ee3ng m\u1edbi tr\u00e0n \u0111\u1ea7y s\u1ee9c s\u1ed1ng.<\/p>\n\t\t\t\t\t\t\t\t<\/div>\n\t\t\t\t<\/div>\n\t\t\t\t<\/div>\n\t\t<div class=\"has_ae_slider elementor-element elementor-element-28ffe1a e-con-full e-flex ae-bg-gallery-type-default e-con e-child\" data-id=\"28ffe1a\" data-element_type=\"container\" data-settings=\"{&quot;jet_parallax_layout_list&quot;:[],&quot;wcf-animation&quot;:&quot;none&quot;,&quot;wcf_pin_breakpoint&quot;:&quot;mobile&quot;}\">\n\t\t\t\t<\/div>\n\t\t\t\t\t<\/div>\n\t\t\t\t<\/div>\n\t\t\t\t<\/div>\n\t\t\t\t<\/div>\n\t\t<\/div><div class=\"jet-listing-grid__item jet-listing-dynamic-post-1070\" data-post-id=\"1070\" >\t\t<div data-elementor-type=\"jet-listing-items\" data-elementor-id=\"1026\" class=\"elementor elementor-1026\" data-elementor-post-type=\"jet-engine\">\n\t\t\t\t<div class=\"has_ae_slider elementor-element elementor-element-79346b8 e-con-full e-flex ae-bg-gallery-type-default e-con e-parent\" data-id=\"79346b8\" data-element_type=\"container\" data-settings=\"{&quot;background_background&quot;:&quot;classic&quot;,&quot;jet_parallax_layout_list&quot;:[],&quot;wcf-animation&quot;:&quot;none&quot;,&quot;wcf_pin_breakpoint&quot;:&quot;mobile&quot;}\">\n\t\t\t\t<div class=\"elementor-element elementor-element-1321aef elementor-widget elementor-widget-image\" data-id=\"1321aef\" data-element_type=\"widget\" data-settings=\"{&quot;wcf-image-animation&quot;:&quot;none&quot;,&quot;wcf-animation&quot;:&quot;none&quot;}\" data-widget_type=\"image.default\">\n\t\t\t\t<div class=\"elementor-widget-container\">\n\t\t\t\t\t\t\t\t\t\t\t\t\t\t\t<img decoding=\"async\" width=\"768\" height=\"1024\" src=\"https:\/\/royalhoianvillas.com\/wp-content\/uploads\/2025\/03\/3-Complimentary-bicycle-768x1024.webp\" class=\"attachment-large size-large wp-image-1067\" alt=\"\" srcset=\"https:\/\/royalhoianvillas.com\/wp-content\/uploads\/2025\/03\/3-Complimentary-bicycle-768x1024.webp 768w, https:\/\/royalhoianvillas.com\/wp-content\/uploads\/2025\/03\/3-Complimentary-bicycle-225x300.webp 225w, https:\/\/royalhoianvillas.com\/wp-content\/uploads\/2025\/03\/3-Complimentary-bicycle-1152x1536.webp 1152w, https:\/\/royalhoianvillas.com\/wp-content\/uploads\/2025\/03\/3-Complimentary-bicycle-1536x2048.webp 1536w, https:\/\/royalhoianvillas.com\/wp-content\/uploads\/2025\/03\/3-Complimentary-bicycle.webp 1920w\" sizes=\"(max-width: 768px) 100vw, 768px\" \/>\t\t\t\t\t\t\t\t\t\t\t\t\t\t\t<\/div>\n\t\t\t\t<\/div>\n\t\t<div class=\"has_ae_slider elementor-element elementor-element-6556074 e-flex e-con-boxed ae-bg-gallery-type-default e-con e-child\" data-id=\"6556074\" data-element_type=\"container\" data-settings=\"{&quot;jet_parallax_layout_list&quot;:[],&quot;wcf-animation&quot;:&quot;none&quot;,&quot;wcf_pin_breakpoint&quot;:&quot;mobile&quot;}\">\n\t\t\t\t\t<div class=\"e-con-inner\">\n\t\t<div class=\"has_ae_slider elementor-element elementor-element-2ba3129 e-con-full e-flex ae-bg-gallery-type-default e-con e-child\" data-id=\"2ba3129\" data-element_type=\"container\" data-settings=\"{&quot;jet_parallax_layout_list&quot;:[],&quot;wcf-animation&quot;:&quot;none&quot;,&quot;wcf_pin_breakpoint&quot;:&quot;mobile&quot;}\">\n\t\t\t\t<div class=\"elementor-element elementor-element-0dfb10b trim-title wcf-t-animation-none elementor-widget elementor-widget-heading\" data-id=\"0dfb10b\" data-element_type=\"widget\" data-settings=\"{&quot;wcf_text_animation&quot;:&quot;none&quot;,&quot;wcf-animation&quot;:&quot;none&quot;}\" data-post-id=\"\" data-widget_type=\"heading.default\">\n\t\t\t\t<div class=\"elementor-widget-container\">\n\t\t\t\t\t<h3 class=\"elementor-heading-title elementor-size-default\">COMPLIMENTARY BICYCLE<\/h3>\t\t\t\t<\/div>\n\t\t\t\t<\/div>\n\t\t\t\t<div class=\"elementor-element elementor-element-7af03ca elementor-widget__width-initial wcf-t-animation-none elementor-widget elementor-widget-text-editor\" data-id=\"7af03ca\" data-element_type=\"widget\" data-settings=\"{&quot;_animation_mobile&quot;:&quot;fadeInUp&quot;,&quot;wcf_text_animation&quot;:&quot;none&quot;,&quot;wcf-animation&quot;:&quot;none&quot;}\" data-widget_type=\"text-editor.default\">\n\t\t\t\t<div class=\"elementor-widget-container\">\n\t\t\t\t\t\t\t\t\t<p>\u00c1p d\u1ee5ng cho kh\u00e1ch \u0111\u00e3 \u0111\u0103ng k\u00fd | Ch\u1ec9 \u00e1p d\u1ee5ng cho khu v\u1ef1c ngh\u1ec9 d\u01b0\u1ee1ng <br> S\u1eed d\u1ee5ng xe \u0111\u1ea1p mi\u1ec5n ph\u00ed t\u1ea1i khu ngh\u1ec9 d\u01b0\u1ee1ng, gi\u00fap b\u1ea1n kh\u00e1m ph\u00e1 nh\u1eefng khu v\u01b0\u1eddn nguy\u00ean s\u01a1, \u0111\u1eafm m\u00ecnh trong thi\u00ean nhi\u00ean v\u00e0 \u00e1nh n\u1eafng m\u1eb7t tr\u1eddi, c\u0169ng nh\u01b0 lu\u00f4n n\u0103ng \u0111\u1ed9ng trong su\u1ed1t th\u1eddi gian l\u01b0u tr\u00fa.<\/p>\n\t\t\t\t\t\t\t\t<\/div>\n\t\t\t\t<\/div>\n\t\t\t\t<\/div>\n\t\t<div class=\"has_ae_slider elementor-element elementor-element-28ffe1a e-con-full e-flex ae-bg-gallery-type-default e-con e-child\" data-id=\"28ffe1a\" data-element_type=\"container\" data-settings=\"{&quot;jet_parallax_layout_list&quot;:[],&quot;wcf-animation&quot;:&quot;none&quot;,&quot;wcf_pin_breakpoint&quot;:&quot;mobile&quot;}\">\n\t\t\t\t<\/div>\n\t\t\t\t\t<\/div>\n\t\t\t\t<\/div>\n\t\t\t\t<\/div>\n\t\t\t\t<\/div>\n\t\t<\/div><div class=\"jet-listing-grid__item jet-listing-dynamic-post-1065\" data-post-id=\"1065\" >\t\t<div data-elementor-type=\"jet-listing-items\" data-elementor-id=\"1026\" class=\"elementor elementor-1026\" data-elementor-post-type=\"jet-engine\">\n\t\t\t\t<div class=\"has_ae_slider elementor-element elementor-element-79346b8 e-con-full e-flex ae-bg-gallery-type-default e-con e-parent\" data-id=\"79346b8\" data-element_type=\"container\" data-settings=\"{&quot;background_background&quot;:&quot;classic&quot;,&quot;jet_parallax_layout_list&quot;:[],&quot;wcf-animation&quot;:&quot;none&quot;,&quot;wcf_pin_breakpoint&quot;:&quot;mobile&quot;}\">\n\t\t\t\t<div class=\"elementor-element elementor-element-1321aef elementor-widget elementor-widget-image\" data-id=\"1321aef\" data-element_type=\"widget\" data-settings=\"{&quot;wcf-image-animation&quot;:&quot;none&quot;,&quot;wcf-animation&quot;:&quot;none&quot;}\" data-widget_type=\"image.default\">\n\t\t\t\t<div class=\"elementor-widget-container\">\n\t\t\t\t\t\t\t\t\t\t\t\t\t\t\t<img loading=\"lazy\" decoding=\"async\" width=\"648\" height=\"1024\" src=\"https:\/\/royalhoianvillas.com\/wp-content\/uploads\/2025\/03\/1-Beach-Activities-648x1024.webp\" class=\"attachment-large size-large wp-image-1069\" alt=\"\" srcset=\"https:\/\/royalhoianvillas.com\/wp-content\/uploads\/2025\/03\/1-Beach-Activities-648x1024.webp 648w, https:\/\/royalhoianvillas.com\/wp-content\/uploads\/2025\/03\/1-Beach-Activities-190x300.webp 190w, https:\/\/royalhoianvillas.com\/wp-content\/uploads\/2025\/03\/1-Beach-Activities-768x1213.webp 768w, https:\/\/royalhoianvillas.com\/wp-content\/uploads\/2025\/03\/1-Beach-Activities-973x1536.webp 973w, https:\/\/royalhoianvillas.com\/wp-content\/uploads\/2025\/03\/1-Beach-Activities-1297x2048.webp 1297w, https:\/\/royalhoianvillas.com\/wp-content\/uploads\/2025\/03\/1-Beach-Activities-scaled.webp 1621w\" sizes=\"(max-width: 648px) 100vw, 648px\" \/>\t\t\t\t\t\t\t\t\t\t\t\t\t\t\t<\/div>\n\t\t\t\t<\/div>\n\t\t<div class=\"has_ae_slider elementor-element elementor-element-6556074 e-flex e-con-boxed ae-bg-gallery-type-default e-con e-child\" data-id=\"6556074\" data-element_type=\"container\" data-settings=\"{&quot;jet_parallax_layout_list&quot;:[],&quot;wcf-animation&quot;:&quot;none&quot;,&quot;wcf_pin_breakpoint&quot;:&quot;mobile&quot;}\">\n\t\t\t\t\t<div class=\"e-con-inner\">\n\t\t<div class=\"has_ae_slider elementor-element elementor-element-2ba3129 e-con-full e-flex ae-bg-gallery-type-default e-con e-child\" data-id=\"2ba3129\" data-element_type=\"container\" data-settings=\"{&quot;jet_parallax_layout_list&quot;:[],&quot;wcf-animation&quot;:&quot;none&quot;,&quot;wcf_pin_breakpoint&quot;:&quot;mobile&quot;}\">\n\t\t\t\t<div class=\"elementor-element elementor-element-0dfb10b trim-title wcf-t-animation-none elementor-widget elementor-widget-heading\" data-id=\"0dfb10b\" data-element_type=\"widget\" data-settings=\"{&quot;wcf_text_animation&quot;:&quot;none&quot;,&quot;wcf-animation&quot;:&quot;none&quot;}\" data-post-id=\"\" data-widget_type=\"heading.default\">\n\t\t\t\t<div class=\"elementor-widget-container\">\n\t\t\t\t\t<h3 class=\"elementor-heading-title elementor-size-default\">HO\u1ea0T \u0110\u1ed8NG TR\u00caN BI\u1ec2N<\/h3>\t\t\t\t<\/div>\n\t\t\t\t<\/div>\n\t\t\t\t<div class=\"elementor-element elementor-element-7af03ca elementor-widget__width-initial wcf-t-animation-none elementor-widget elementor-widget-text-editor\" data-id=\"7af03ca\" data-element_type=\"widget\" data-settings=\"{&quot;_animation_mobile&quot;:&quot;fadeInUp&quot;,&quot;wcf_text_animation&quot;:&quot;none&quot;,&quot;wcf-animation&quot;:&quot;none&quot;}\" data-widget_type=\"text-editor.default\">\n\t\t\t\t<div class=\"elementor-widget-container\">\n\t\t\t\t\t\t\t\t\t<p>Ng\u1eafm nh\u00ecn b\u00e3i bi\u1ec3n An B\u00e0ng c\u00f9ng c\u00e1c ho\u1ea1t \u0111\u1ed9ng th\u00fa v\u1ecb nh\u01b0 \u0111i d\u1ea1o tr\u00ean b\u00e3i c\u00e1t, ch\u01a1i th\u1ec3 thao t\u1eeb b\u00f3ng chuy\u1ec1n, b\u00f3ng \u0111\u00e1, th\u1ea3 di\u1ec1u hay \u0111\u01a1n gi\u1ea3n l\u00e0 ng\u1eafm nh\u00ecn ho\u00e0ng h\u00f4n bu\u00f4ng xu\u1ed1ng tr\u00ean b\u00e3i bi\u1ec3n An B\u00e0ng.<\/p>\n\t\t\t\t\t\t\t\t<\/div>\n\t\t\t\t<\/div>\n\t\t\t\t<\/div>\n\t\t<div class=\"has_ae_slider elementor-element elementor-element-28ffe1a e-con-full e-flex ae-bg-gallery-type-default e-con e-child\" data-id=\"28ffe1a\" data-element_type=\"container\" data-settings=\"{&quot;jet_parallax_layout_list&quot;:[],&quot;wcf-animation&quot;:&quot;none&quot;,&quot;wcf_pin_breakpoint&quot;:&quot;mobile&quot;}\">\n\t\t\t\t<\/div>\n\t\t\t\t\t<\/div>\n\t\t\t\t<\/div>\n\t\t\t\t<\/div>\n\t\t\t\t<\/div>\n\t\t<\/div><\/div><\/div>\t\t\t\t<\/div>\n\t\t\t\t<\/div>\n\t\t\t\t\t<\/div>\n\t\t\t\t<\/div>\n\t\t\t\t<\/div>","protected":false},"excerpt":{"rendered":"<p>Experiences Endless activities Embrace the beauty of nature with a scenic bike ride, soak up the sun, or dive into beachside fun with kite flying, soccer, or an authentic local fishing experience using traditional nets. For those who prefer indoor entertainment, our resort offers table tennis, billiards, and foosball &#8211; perfect for unwinding in a [&hellip;]<\/p>","protected":false},"author":1,"featured_media":0,"parent":0,"menu_order":0,"comment_status":"closed","ping_status":"closed","template":"","meta":{"footnotes":""},"class_list":["post-1077","page","type-page","status-publish","hentry"],"_links":{"self":[{"href":"https:\/\/royalhoianvillas.com\/vi\/wp-json\/wp\/v2\/pages\/1077","targetHints":{"allow":["GET"]}}],"collection":[{"href":"https:\/\/royalhoianvillas.com\/vi\/wp-json\/wp\/v2\/pages"}],"about":[{"href":"https:\/\/royalhoianvillas.com\/vi\/wp-json\/wp\/v2\/types\/page"}],"author":[{"embeddable":true,"href":"https:\/\/royalhoianvillas.com\/vi\/wp-json\/wp\/v2\/users\/1"}],"replies":[{"embeddable":true,"href":"https:\/\/royalhoianvillas.com\/vi\/wp-json\/wp\/v2\/comments?post=1077"}],"version-history":[{"count":16,"href":"https:\/\/royalhoianvillas.com\/vi\/wp-json\/wp\/v2\/pages\/1077\/revisions"}],"predecessor-version":[{"id":1342,"href":"https:\/\/royalhoianvillas.com\/vi\/wp-json\/wp\/v2\/pages\/1077\/revisions\/1342"}],"wp:attachment":[{"href":"https:\/\/royalhoianvillas.com\/vi\/wp-json\/wp\/v2\/media?parent=1077"}],"curies":[{"name":"wp","href":"https:\/\/api.w.org\/{rel}","templated":true}]}}