{"id":1740,"date":"2025-05-22T17:09:41","date_gmt":"2025-05-22T10:09:41","guid":{"rendered":"https:\/\/royalhoianvillas.com\/?page_id=1740"},"modified":"2025-07-15T17:28:52","modified_gmt":"2025-07-15T10:28:52","slug":"dieu-khoan-va-chinh-sach","status":"publish","type":"page","link":"https:\/\/royalhoianvillas.com\/vi\/dieu-khoan-va-chinh-sach\/","title":{"rendered":"TERMS AND CONDITIONS OF USE"},"content":{"rendered":"<div data-elementor-type=\"wp-page\" data-elementor-id=\"1740\" class=\"elementor elementor-1740\" data-elementor-post-type=\"page\">\n\t\t\t\t<div class=\"has_ae_slider elementor-element elementor-element-44fea32b e-flex e-con-boxed ae-bg-gallery-type-default e-con e-parent\" data-id=\"44fea32b\" data-element_type=\"container\" data-settings=\"{&quot;jet_parallax_layout_list&quot;:[],&quot;wcf-animation&quot;:&quot;none&quot;,&quot;wcf_pin_breakpoint&quot;:&quot;mobile&quot;}\">\n\t\t\t\t\t<div class=\"e-con-inner\">\n\t\t\t\t<div class=\"elementor-element elementor-element-62e7eb16 wcf-t-animation-none elementor-widget elementor-widget-text-editor\" data-id=\"62e7eb16\" data-element_type=\"widget\" data-settings=\"{&quot;wcf_text_animation&quot;:&quot;none&quot;,&quot;wcf-animation&quot;:&quot;none&quot;}\" data-widget_type=\"text-editor.default\">\n\t\t\t\t<div class=\"elementor-widget-container\">\n\t\t\t\t\t\t\t\t\t<h1><strong>&nbsp; &nbsp; &nbsp; &nbsp; &nbsp; &nbsp; &nbsp; &nbsp; &nbsp; &nbsp; &nbsp;TERMS AND CONDITIONS OF USE<\/strong><\/h1>\n<p>These General Transaction Conditions (&#8220;GTC&#8221;) apply to Customers and Partners who use or book services at business facilities under the brand Hoi An Royal Beachfront Villas, and other brands owned, managed and\/or operated by Hoi An Royal Beachfront Villas (if any) (&#8220;Business Facilities&#8221;). Customers, Partners, and Hoi An Royal Beachfront Villas are each referred to individually as a \u2018Party\u2019 and collectively as the \u2018Parties.&#8221;<\/p>\n<p><!-- \/wp:paragraph --><!-- wp:paragraph --><\/p>\n<p>Customers\/Partners agree and acknowledge that by submitting a booking request, table reservation, and\/or additional services request (collectively &#8220;Service Request&#8221;) to Hoi An Royal Beachfront Villas and having the service confirmed by Hoi An Royal Beachfront Villas, Customers and Partners have read and accepted the GTC and any amendments posted from time to time on the official website of Hoi An Royal Beachfront Villas at Ha My Dong A, Dien Ban, Quang Nam, and linked booking sites (if any) (&#8220;Website&#8221;), as well as service provision policies and service quotes notified and provided by Hoi An Royal Beachfront Villas from time to time.<\/p>\n<p><!-- \/wp:paragraph --><!-- wp:paragraph --><\/p>\n<p>The GTC is an integral part of the contract, agreement for service provision or Service Request placed via the Website and confirmed between Hoi An Royal Beachfront Villas and Customers\/Partners (&#8220;Contract&#8221;).<\/p>\n<p><!-- \/wp:paragraph --><!-- wp:paragraph --><\/p>\n<h2><strong>\u0110i\u1ec1u 1. \u0110\u1ecbnh Ngh\u0129a<\/strong><\/h2>\n<p><!-- \/wp:paragraph --><!-- wp:paragraph --><\/p>\n<p>1.1. &#8220;Hoi An Royal Beachfront Villas&#8221; means VinaCapital Hoi An Tourism Co., Ltd., affiliated companies of VinaCapital Hoi An Tourism Co., Ltd., and branches, representative offices, business locations of Hoi An Royal Beachfront Villas and its affiliated companies established nationwide at any given time.<\/p>\n<p><!-- \/wp:paragraph --><!-- wp:paragraph --><\/p>\n<p>1.2. &#8220;Partner&#8221; means travel agents\/tour operators\/businesses\/organizations or individuals entering into a Contract with Hoi An Royal Beachfront Villas.<\/p>\n<p><!-- \/wp:paragraph --><!-- wp:paragraph --><\/p>\n<p>1.3. &#8220;Customer&#8221; means individuals using services of Hoi An Royal Beachfront Villas for direct consumption purposes, not for resale to other individuals or organizations.<\/p>\n<p><!-- \/wp:paragraph --><!-- wp:paragraph --><\/p>\n<p>1.4. \u201cKh\u00e1ch L\u1ebb\u201d l\u00e0 Kh\u00e1ch h\u00e0ng ho\u1eb7c nh\u00f3m Kh\u00e1ch h\u00e0ng c\u00f3 s\u1ed1 l\u01b0\u1ee3ng \u0111\u1eb7t ph\u00f2ng t\u1ed1i \u0111a 9 ph\u00f2ng\/\u0111\u00eam ho\u1eb7c 9 bi\u1ec7t th\u1ef1\/\u0111\u00eam.<\/p>\n<p><!-- \/wp:paragraph --><!-- wp:paragraph --><\/p>\n<p>1.5. \u201cKh\u00e1ch \u0110o\u00e0n\u201d l\u00e0 01 nh\u00f3m Kh\u00e1ch h\u00e0ng c\u00f3 s\u1ed1 l\u01b0\u1ee3ng \u0111\u1eb7t ph\u00f2ng t\u1eeb 9 ph\u00f2ng\/\u0111\u00eam tr\u1edf l\u00ean ho\u1eb7c t\u1eeb 9 bi\u1ec7t th\u1ef1\/\u0111\u00eam tr\u1edf l\u00ean v\u00e0\/ho\u1eb7c c\u00e1c d\u1ecbch v\u1ee5 (ti\u1ec7c, s\u1ef1 ki\u1ec7n v\u00e0 c\u00e1c d\u1ecbch v\u1ee5 kh\u00e1c).<\/p>\n<p><!-- \/wp:paragraph --><!-- wp:paragraph --><\/p>\n<p>1.6. \u201cGi\u00e1 C\u00f4ng B\u1ed1\u201d l\u00e0 gi\u00e1 ph\u00f2ng\/bi\u1ec7t th\u1ef1, gi\u00e1 d\u1ecbch v\u1ee5 \u0111\u01b0\u1ee3c ni\u00eam y\u1ebft t\u1ea1i C\u01a1 S\u1edf Kinh Doanh v\u00e0 t\u1ea1i Trang Web m\u00e0 c\u00f3 th\u1ec3 thay \u0111\u1ed5i t\u00f9y t\u1eebng th\u1eddi \u0111i\u1ec3m.<\/p>\n<p><!-- \/wp:paragraph --><!-- wp:paragraph --><\/p>\n<p>1.7. \u201cGi\u00e1 G\u00f3i Ph\u00f2ng\/Bi\u1ec7t Th\u1ef1\u201d l\u00e0 gi\u00e1 d\u00e0nh cho \u0111\u00eam ngh\u1ec9 k\u00e8m theo c\u00e1c d\u1ecbch v\u1ee5 \u0111\u01b0\u1ee3c li\u1ec7t k\u00ea trong G\u00f3i Ph\u00f2ng\/Bi\u1ec7t Th\u1ef1 t\u01b0\u01a1ng \u1ee9ng.<\/p>\n<p><!-- \/wp:paragraph --><!-- wp:paragraph --><\/p>\n<p>1.8. &#8220;Service&#8221; includes accommodation, food and beverage services, or other supplementary services provided by Hoi An Royal Beachfront Villas at any given time.<\/p>\n<p><!-- \/wp:paragraph --><!-- wp:paragraph --><\/p>\n<p>1.9. &#8220;Voucher&#8221; means a physical or electronic service purchase card\/voucher issued by Hoi An Royal Beachfront Villas to record the right to use services for the voucher holder. The use of Vouchers must comply with the GTC, related agreements on voucher provision, and detailed regulations on each Voucher.<\/p>\n<p><!-- \/wp:paragraph --><!-- wp:paragraph --><\/p>\n<p>1.10. \u201cTh\u1eddi \u0110i\u1ec3m S\u1eed D\u1ee5ng Voucher\u201d l\u00e0 th\u1eddi \u0111i\u1ec3m nh\u1eadn ph\u00f2ng\/bi\u1ec7t th\u1ef1 \u0111\u1ed1i v\u1edbi d\u1ecbch v\u1ee5 l\u01b0u tr\u00fa ho\u1eb7c th\u1eddi \u0111i\u1ec3m m\u00e0 Kh\u00e1ch h\u00e0ng y\u00eau c\u1ea7u s\u1eed d\u1ee5ng\/kh\u1ea5u tr\u1eeb Voucher b\u1eb1ng b\u1ea5t k\u1ef3 h\u00ecnh th\u1ee9c n\u00e0o t\u1ea1i C\u01a1 S\u1edf Kinh Doanh nh\u01b0ng ph\u1ea3i tr\u01b0\u1edbc th\u1eddi \u0111i\u1ec3m C\u01a1 S\u1edf Kinh Doanh xu\u1ea5t h\u00f3a \u0111\u01a1n ho\u1eb7c phi\u1ebfu thanh to\u00e1n.<\/p>\n<p><!-- \/wp:paragraph --><!-- wp:paragraph --><\/p>\n<p>1.11. \u201cNg\u00e0y L\u00e0m Vi\u1ec7c\u201d l\u00e0 ng\u00e0y t\u1eeb th\u1ee9 2 \u0111\u1ebfn th\u1ee9 6 h\u00e0ng tu\u1ea7n, tr\u1eeb ng\u00e0y ngh\u1ec9, ng\u00e0y l\u1ec5 theo quy \u0111\u1ecbnh ph\u00e1p lu\u1eadt.<\/p>\n<p><!-- \/wp:paragraph --><!-- wp:paragraph --><\/p>\n<h2><strong>Article 2. Obligations of Hoi An Royal Beachfront Villas and Customers<\/strong><\/h2>\n<p><!-- \/wp:paragraph --><!-- wp:paragraph --><\/p>\n<p>2.1. Obligations of Hoi An Royal Beachfront Villas<\/p>\n<p><!-- \/wp:paragraph --><!-- wp:paragraph --><\/p>\n<p>Cung c\u1ea5p d\u1ecbch v\u1ee5 m\u1ed9t c\u00e1ch t\u1eadn t\u00e2m v\u00e0 chu \u0111\u00e1o nh\u1ea5t.<\/p>\n<p><!-- \/wp:paragraph --><!-- wp:paragraph --><\/p>\n<p>B\u1ea3o qu\u1ea3n v\u00e0 giao l\u1ea1i cho Kh\u00e1ch h\u00e0ng (khi \u0111\u01b0\u1ee3c y\u00eau c\u1ea7u) c\u00e1c t\u00e0i li\u1ec7u\/th\u00f4ng tin m\u00e0 Kh\u00e1ch h\u00e0ng \u0111\u00e3 cung c\u1ea5p cho Wyndham Hoi An Royal Beachfront Resort &amp; Villas.<\/p>\n<p><!-- \/wp:paragraph --><!-- wp:paragraph --><\/p>\n<p>Th\u00f4ng b\u00e1o ngay cho Kh\u00e1ch h\u00e0ng trong tr\u01b0\u1eddng h\u1ee3p x\u1ea3y ra b\u1ea5t k\u1ef3 v\u1ea5n \u0111\u1ec1 g\u00ec l\u00e0m \u1ea3nh h\u01b0\u1edfng \u0111\u1ebfn kh\u1ea3 n\u0103ng cung c\u1ea5p d\u1ecbch v\u1ee5 c\u1ee7a Wyndham Hoi An Royal Beachfront Resort &amp; Villas, v\u00e0 \u0111\u01b0a ra c\u00e1c ph\u01b0\u01a1ng \u00e1n x\u1eed l\u00fd h\u1ee3p l\u00fd.<\/p>\n<p><!-- \/wp:paragraph --><!-- wp:paragraph --><\/p>\n<p>B\u1ea3o m\u1eadt v\u00e0 s\u1eed d\u1ee5ng th\u00f4ng tin do Kh\u00e1ch h\u00e0ng cung c\u1ea5p theo c\u00e1c quy \u0111\u1ecbnh n\u00eau ra t\u1ea1i \u0111\u00e2y, ph\u00f9 h\u1ee3p v\u1edbi quy \u0111\u1ecbnh c\u1ee7a ph\u00e1p lu\u1eadt.<\/p>\n<p><!-- \/wp:paragraph --><!-- wp:paragraph --><\/p>\n<p>C\u00e1c ngh\u0129a v\u1ee5 kh\u00e1c theo quy \u0111\u1ecbnh c\u1ee7a ph\u00e1p lu\u1eadt hi\u1ec7n h\u00e0nh.<\/p>\n<p><!-- \/wp:paragraph --><!-- wp:paragraph --><\/p>\n<p>2.2. Ngh\u0129a v\u1ee5 c\u1ee7a Kh\u00e1ch h\u00e0ng<\/p>\n<p><!-- \/wp:paragraph --><!-- wp:paragraph --><\/p>\n<p>Th\u1ef1c hi\u1ec7n vi\u1ec7c \u0111\u1eb7t ph\u00f2ng v\u00e0 thanh to\u00e1n \u0111\u1ea7y \u0111\u1ee7 theo c\u00e1c quy \u0111\u1ecbnh n\u00eau ra t\u1ea1i \u0111\u00e2y.<\/p>\n<p><!-- \/wp:paragraph --><!-- wp:paragraph --><\/p>\n<p>Cung c\u1ea5p \u0111\u1ea7y \u0111\u1ee7 c\u00e1c gi\u1ea5y t\u1edd (nh\u01b0 gi\u1ea5y t\u1edd t\u00f9y th\u00e2n) v\u00e0 c\u00e1c th\u00f4ng tin c\u1ea7n thi\u1ebft (nh\u01b0 ng\u00e0y gi\u1edd nh\u1eadn ph\u00f2ng, tr\u1ea3 ph\u00f2ng) \u0111\u1ec3 C\u01a1 S\u1edf Kinh Doanh c\u00f3 th\u1ec3 cung c\u1ea5p d\u1ecbch v\u1ee5 m\u1ed9t c\u00e1ch t\u1ed1t nh\u1ea5t.<\/p>\n<p><!-- \/wp:paragraph --><!-- wp:paragraph --><\/p>\n<p>Comply with the regulations of Hoi An Royal Beachfront Villas and cooperate accordingly.<\/p>\n<p><!-- \/wp:paragraph --><!-- wp:paragraph --><\/p>\n<h2><strong>\u0110i\u1ec1u 3. D\u1ecbch V\u1ee5 \u0102n U\u1ed1ng<\/strong><\/h2>\n<p><!-- \/wp:paragraph --><!-- wp:paragraph --><\/p>\n<p>a. C\u00e1c d\u1ecbch v\u1ee5 \u0103n u\u1ed1ng s\u1ebd \u0111\u01b0\u1ee3c ph\u1ee5c v\u1ee5 theo nguy\u00ean t\u1eafc ng\u01b0\u1eddi \u0111\u1ebfn tr\u01b0\u1edbc \u0111\u01b0\u1ee3c ph\u1ee5c v\u1ee5 tr\u01b0\u1edbc. Th\u1eddi gian m\u1edf c\u1eeda v\u00e0 th\u00f4ng tin li\u00ean h\u1ec7 \u0111\u1eb7t ch\u1ed7 c\u1ee7a c\u00e1c C\u01a1 S\u1edf Kinh Doanh cung c\u1ea5p d\u1ecbch v\u1ee5 \u0103n u\u1ed1ng s\u1ebd \u0111\u01b0\u1ee3c th\u00f4ng b\u00e1o t\u1ea1i C\u01a1 S\u1edf Kinh Doanh.<\/p>\n<p><!-- \/wp:paragraph --><!-- wp:paragraph --><\/p>\n<p>b. Reserved seats at specific food and beverage Business Facilities will be held for a maximum of 30 minutes past the reserved arrival time. Hoi An Royal Beachfront Villas cannot guarantee reserved seating if Customers arrive later than the reserved time, regardless of reason.<\/p>\n<p><!-- \/wp:paragraph --><!-- wp:paragraph --><\/p>\n<h2><strong>\u0110i\u1ec1u 4. Voucher<\/strong><\/h2>\n<p><!-- \/wp:paragraph --><!-- wp:paragraph --><\/p>\n<p>Unless otherwise agreed or Hoi An Royal Beachfront Villas issues a different policy, Customers using Vouchers must comply with the GTC, other conditions in the contract or agreements related to voucher provision, the Voucher itself, and\/or the service provision policy corresponding to the type of Voucher issued by Hoi An Royal Beachfront Villas at the time of use. Original Vouchers must be presented and collected at Voucher Usage Time. If Customers cannot present a valid Voucher, they must pay directly the Published Price at the time of service use.<\/p>\n<p><!-- \/wp:paragraph --><!-- wp:paragraph --><\/p>\n<h2><strong>\u0110i\u1ec1u 5. L\u1ed7i K\u1ef9 Thu\u1eadt<\/strong><\/h2>\n<p><!-- \/wp:paragraph --><!-- wp:paragraph --><\/p>\n<p>5.1. Hoi An Royal Beachfront Villas will make reasonable efforts to maintain the normal operation of the Website. However, Hoi An Royal Beachfront Villas does not guarantee that: (i) The functions and supporting tools provided on the Website will be uninterrupted or error-free; (ii) The Website is free from viruses, malware, or other harmful components; and\/or (iii) All data provided on the Website is accurate and free from technical errors during data creation.<\/p>\n<p><!-- \/wp:paragraph --><!-- wp:paragraph --><\/p>\n<p>5.2. In the event of technical issues such as equipment failure, software errors, internet system errors, virus infection on the Website (\u201cTechnical Errors\u201d), or errors in data published on the Website such as pricing errors (\u201cData Errors\u201d), Hoi An Royal Beachfront Villas will make reasonable efforts to fix the Technical Errors or adjust the Data Errors as soon as possible.<\/p>\n<p><!-- \/wp:paragraph --><!-- wp:paragraph --><\/p>\n<p>5.3. Hoi An Royal Beachfront Villas reserves the right to refuse to execute transactions established: a. Due to Technical Errors; b. Based on Data Errors; and\/or c. Affected by Technical Errors and\/or Data Errors regardless of the source of those errors. For clarity, a Data Error is an error on the Website (e.g., price, conditions) that a reasonable person would not consider normal. In case of refusal to execute the transaction, Hoi An Royal Beachfront Villas will notify you via the email provided when booking the service, and refund any related payment made to Hoi An Royal Beachfront Villas within a maximum of 45 working days.<\/p>\n<p><!-- \/wp:paragraph --><!-- wp:paragraph --><\/p>\n<p>5.4. Except for the obligation to refund payments received as stated in Clause (c), Hoi An Royal Beachfront Villas shall not be liable for any loss or damage, direct or indirect, that you may incur arising from or related to Technical Errors and\/or Data Errors.<\/p>\n<p><!-- \/wp:paragraph --><!-- wp:paragraph --><\/p>\n<h2><strong>\u0110i\u1ec1u 6. Th\u00f4ng tin s\u1eed d\u1ee5ng d\u1ecbch v\u1ee5<\/strong><\/h2>\n<p><!-- \/wp:paragraph --><!-- wp:paragraph --><\/p>\n<p>Services provided by Hoi An Royal Beachfront Villas will be served directly at Ha My Dong A, Dien Ban, Quang Nam.<\/p>\n<p><!-- \/wp:paragraph --><!-- wp:paragraph --><\/p>\n<h2><strong>\u0110i\u1ec1u 7. B\u1ea5t Kh\u1ea3 Kh\u00e1ng<\/strong><\/h2>\n<p><!-- \/wp:paragraph --><!-- wp:paragraph --><\/p>\n<p>Hoi An Royal Beachfront Villas, Customers, or Partners shall not be responsible for any delay or failure to perform the contract\/agreement for service provision and use (except payment obligations) or any rights and obligations of each Party under the GTC if such delay or failure is caused by a Force Majeure event. Force Majeure events include but are not limited to: storms, floods, earthquakes, war, fire, changes in state policies or laws, or other objective events, provided that:<\/p>\n<p><!-- \/wp:paragraph --><!-- wp:paragraph --><\/p>\n<p>7.1. S\u1ef1 ki\u1ec7n \u0111\u00f3 ho\u00e0n to\u00e0n n\u1eb1m ngo\u00e0i s\u1ef1 ki\u1ec3m so\u00e1t h\u1ee3p l\u00fd ho\u1eb7c kh\u00f4ng do l\u1ed7i ho\u1eb7c s\u01a1 su\u1ea5t c\u1ee7a B\u00ean b\u1ecb \u1ea3nh h\u01b0\u1edfng b\u1edfi s\u1ef1 ki\u1ec7n B\u1ea5t Kh\u1ea3 Kh\u00e1ng, m\u1eb7c d\u00f9 B\u00ean \u0111\u00f3 \u0111\u00e3 \u00e1p d\u1ee5ng m\u1ecdi bi\u1ec7n ph\u00e1p c\u1ea7n thi\u1ebft v\u00e0 trong kh\u1ea3 n\u0103ng cho ph\u00e9p \u0111\u1ec3 \u0111\u1ec1 ph\u00f2ng, kh\u1eafc ph\u1ee5c ho\u1eb7c gi\u1ea3m b\u1edbt thi\u1ec7t h\u1ea1i, g\u00e2y ra vi\u1ec7c ch\u1eadm tr\u1ec5 ho\u1eb7c gi\u00e1n \u0111o\u1ea1n, \u0111\u00ecnh tr\u1ec7 vi\u1ec7c th\u1ef1c hi\u1ec7n ngh\u0129a v\u1ee5 trong H\u1ee3p \u0110\u1ed3ng n\u00e0y;<\/p>\n<p><!-- \/wp:paragraph --><!-- wp:paragraph --><\/p>\n<p>7.2. Trong th\u1eddi h\u1ea1n 03 ng\u00e0y k\u1ec3 t\u1eeb ng\u00e0y x\u1ea3y ra s\u1ef1 ki\u1ec7n B\u1ea5t Kh\u1ea3 Kh\u00e1ng, B\u00ean b\u1ecb \u1ea3nh h\u01b0\u1edfng b\u1edfi s\u1ef1 ki\u1ec7n B\u1ea5t Kh\u1ea3 Kh\u00e1ng ph\u1ea3i th\u00f4ng b\u00e1o v\u0103n b\u1ea3n cho B\u00ean kia, trong \u0111\u00f3 n\u00eau chi ti\u1ebft v\u1ec1 s\u1ef1 ki\u1ec7n B\u1ea5t Kh\u1ea3 Kh\u00e1ng, c\u00e1c bi\u1ec7n ph\u00e1p \u0111\u00e3 ti\u1ebfn h\u00e0nh \u0111\u1ec3 \u0111\u1ec1 ph\u00f2ng, kh\u1eafc ph\u1ee5c thi\u1ec7t h\u1ea1i, d\u1ef1 ki\u1ebfn k\u1ebf ho\u1ea1ch kh\u1eafc ph\u1ee5c v\u00e0 bi\u1ec7n ph\u00e1p gi\u1ea3i quy\u1ebft;<\/p>\n<p><!-- \/wp:paragraph --><!-- wp:paragraph --><\/p>\n<p>7.3. Tr\u1eeb khi c\u00f3 \u00fd ki\u1ebfn kh\u00e1c c\u1ee7a Wyndham Hoi An Royal Beachfront Resort &amp; Villas b\u1eb1ng v\u0103n b\u1ea3n, Kh\u00e1ch h\u00e0ng ho\u1eb7c \u0110\u1ed1i T\u00e1c v\u1eabn ph\u1ea3i th\u1ef1c hi\u1ec7n c\u00e1c ngh\u0129a v\u1ee5 c\u1ee7a m\u00ecnh theo H\u1ee3p \u0111\u1ed3ng ph\u00f9 h\u1ee3p v\u1edbi ho\u00e0n c\u1ea3nh th\u1ef1c t\u1ebf cho ph\u00e9p v\u00e0 ph\u1ea3i ti\u1ebfn h\u00e0nh m\u1ecdi bi\u1ec7n ph\u00e1p h\u1ee3p l\u00fd \u0111\u1ec3 th\u1ef1c hi\u1ec7n c\u00e1c ph\u1ea7n vi\u1ec7c kh\u00f4ng b\u1ecb s\u1ef1 ki\u1ec7n B\u1ea5t Kh\u1ea3 Kh\u00e1ng g\u00e2y tr\u1edf ng\u1ea1i.<\/p>\n<p><!-- \/wp:paragraph --><!-- wp:paragraph --><\/p>\n<h2><strong>\u0110i\u1ec1u 8. Lu\u1eadt \u00c1p D\u1ee5ng V\u00e0 Gi\u1ea3i Quy\u1ebft Tranh Ch\u1ea5p<\/strong><\/h2>\n<p><!-- \/wp:paragraph --><!-- wp:paragraph --><\/p>\n<p>8.1. C\u00e1c quy \u0111\u1ecbnh t\u1ea1i \u0110KGDC s\u1ebd \u0111\u01b0\u1ee3c \u0111i\u1ec1u ch\u1ec9nh b\u1edfi ph\u00e1p lu\u1eadt Vi\u1ec7t Nam.<\/p>\n<p><!-- \/wp:paragraph --><!-- wp:paragraph --><\/p>\n<p>8.2. T\u1ea5t c\u1ea3 c\u00e1c tranh ch\u1ea5p ph\u00e1t sinh li\u00ean quan \u0111\u1ebfn vi\u1ec7c y\u00eau c\u1ea7u, s\u1eed d\u1ee5ng D\u1ecbch V\u1ee5 c\u1ee7a Kh\u00e1ch h\u00e0ng\/ \u0110\u1ed1i T\u00e1c theo quy \u0111\u1ecbnh t\u1ea1i H\u1ee3p \u0110\u1ed3ng v\u00e0 \u0110KGDC s\u1ebd \u0111\u01b0\u1ee3c c\u1ed1 g\u1eafng gi\u1ea3i quy\u1ebft th\u00f4ng qua th\u01b0\u01a1ng l\u01b0\u1ee3ng. Tr\u01b0\u1eddng h\u1ee3p th\u01b0\u01a1ng l\u01b0\u1ee3ng, \u0111\u00e0m ph\u00e1n kh\u00f4ng th\u00e0nh c\u00f4ng trong v\u00f2ng 30 ng\u00e0y k\u1ec3 t\u1eeb ng\u00e0y ph\u00e1t sinh tranh ch\u1ea5p, C\u00e1c B\u00ean s\u1ebd c\u00f3 quy\u1ec1n \u0111\u01b0a tranh ch\u1ea5p ra gi\u1ea3i quy\u1ebft t\u1ea1i T\u00f2a \u00e1n c\u00f3 th\u1ea9m quy\u1ec1n t\u1ea1i Vi\u1ec7t Nam theo quy \u0111\u1ecbnh c\u1ee7a ph\u00e1p lu\u1eadt.<\/p>\n<p><!-- \/wp:paragraph --><!-- wp:paragraph --><\/p>\n<h2><strong>\u0110i\u1ec1u 9. Mi\u1ec5n Tr\u1eeb Tr\u00e1ch Nhi\u1ec7m<\/strong><\/h2>\n<p><!-- \/wp:paragraph --><!-- wp:paragraph --><\/p>\n<p>This Website is owned and operated by VinaCapital Hoi An Tourism Co., Ltd. (\u201cHoi An Royal Beachfront Villas\u201d), a company established and operating under Vietnamese law with its registered office at Ha My Dong A, Dien Ban, Quang Nam. The content on this Website is general information for reference purposes only. Although we strive to keep information complete and accurate, Hoi An Royal Beachfront Villas does not explicitly or implicitly represent or warrant the completeness, accuracy, reliability, or suitability of this Website or its contents. Use of the Website and reliance on its content is at the visitor\u2019s (\u201cVisitor\u201d) own risk. Under no circumstances shall Hoi An Royal Beachfront Villas be liable for any loss or damage, direct or consequential, arising from or related to the use of this Website. The materials on this Website, including but not limited to design, layout, graphics, logos, are owned by Hoi An Royal Beachfront Villas or legally licensed to it. Visitors are not allowed to modify, reproduce, store in retrieval systems, transmit, copy, or distribute these materials (or any part thereof), or use them to create derivative works or for any commercial or public purposes without written permission from Hoi An Royal Beachfront Villas.<\/p>\n<p><!-- \/wp:paragraph --><!-- wp:paragraph --><\/p>\n<p>This Website may link to third-party websites. These links are provided solely for convenience and to assist Visitors. We do not control the content of any linked sites and shall not be responsible for their content or for products and services advertised on those sites. Therefore, Hoi An Royal Beachfront Villas does not guarantee or represent, explicitly or implicitly, the completeness, accuracy, reliability, or suitability of linked websites, third parties operating linked websites, information provided on those linked websites, or quality of products or services advertised on linked sites. Access and use of linked websites are at the Visitor\u2019s own risk. We shall not be responsible for any loss or damage suffered by Visitors arising from the use of linked websites or information provided thereon.<\/p>\n<p><!-- \/wp:paragraph --><!-- wp:paragraph --><\/p>\n<h2><strong>\u0110i\u1ec1u 10. Gi\u1edbi H\u1ea1n Tr\u00e1ch Nhi\u1ec7m<\/strong><\/h2>\n<p><!-- \/wp:paragraph --><!-- wp:paragraph --><\/p>\n<p>Hoi An Royal Beachfront Villas, including its management, directors, and employees, shall not be liable for any direct, indirect, consequential, or special damages arising from or related to Visitor\u2019s use of this Website.<\/p>\n<p><!-- \/wp:paragraph --><!-- wp:paragraph --><\/p>\n<h2><strong>\u0110i\u1ec1u 11. S\u1eeda \u0110\u1ed5i<\/strong><\/h2>\n<p><!-- \/wp:paragraph --><!-- wp:paragraph --><\/p>\n<p>Hoi An Royal Beachfront Villas reserves the right to amend or supplement the GTC and\/or any other terms and conditions posted on the Website at any time as it sees fit. By using this Website, Visitors are encouraged to review the GTC and any other terms and conditions posted on the Website periodically.<\/p>\n<p><!-- \/wp:paragraph --><!-- wp:paragraph --><\/p>\n<p>N\u1ebfu b\u1ea1n c\u00f3 b\u1ea5t k\u1ef3 c\u00e2u h\u1ecfi n\u00e0o v\u1ec1 \u0110i\u1ec1u kho\u1ea3n v\u00e0 \u0110i\u1ec1u ki\u1ec7n s\u1eed d\u1ee5ng n\u00e0y, vui l\u00f2ng li\u00ean h\u1ec7 v\u1edbi ch\u00fang t\u00f4i theo th\u00f4ng tin sau:<br>Website:<a target=\"_blank\" rel=\"noopener\" href=\"https:\/\/royalhoianvillas.com\/vi\"> https:\/\/royalhoianvillas.com\/<br><\/a> Phone: +84 (0) 235 3939 779<br>Email: info@wyndhamroyalhoian.com<\/p>\n<p><!-- \/wp:paragraph --><\/p>\t\t\t\t\t\t\t\t<\/div>\n\t\t\t\t<\/div>\n\t\t\t\t\t<\/div>\n\t\t\t\t<\/div>\n\t\t\t\t<\/div>","protected":false},"excerpt":{"rendered":"<p>&nbsp; &nbsp; &nbsp; &nbsp; &nbsp; &nbsp; &nbsp; &nbsp; &nbsp; &nbsp; &nbsp;TERMS AND CONDITIONS OF USE These General Transaction Conditions (&#8220;GTC&#8221;) apply to Customers and Partners who use or book services at business facilities under the brand Hoi An Royal Beachfront Villas, and other brands owned, managed and\/or operated by Hoi An Royal Beachfront Villas (if [&hellip;]<\/p>","protected":false},"author":2,"featured_media":0,"parent":0,"menu_order":0,"comment_status":"closed","ping_status":"closed","template":"","meta":{"footnotes":""},"class_list":["post-1740","page","type-page","status-publish","hentry"],"_links":{"self":[{"href":"https:\/\/royalhoianvillas.com\/vi\/wp-json\/wp\/v2\/pages\/1740","targetHints":{"allow":["GET"]}}],"collection":[{"href":"https:\/\/royalhoianvillas.com\/vi\/wp-json\/wp\/v2\/pages"}],"about":[{"href":"https:\/\/royalhoianvillas.com\/vi\/wp-json\/wp\/v2\/types\/page"}],"author":[{"embeddable":true,"href":"https:\/\/royalhoianvillas.com\/vi\/wp-json\/wp\/v2\/users\/2"}],"replies":[{"embeddable":true,"href":"https:\/\/royalhoianvillas.com\/vi\/wp-json\/wp\/v2\/comments?post=1740"}],"version-history":[{"count":22,"href":"https:\/\/royalhoianvillas.com\/vi\/wp-json\/wp\/v2\/pages\/1740\/revisions"}],"predecessor-version":[{"id":2528,"href":"https:\/\/royalhoianvillas.com\/vi\/wp-json\/wp\/v2\/pages\/1740\/revisions\/2528"}],"wp:attachment":[{"href":"https:\/\/royalhoianvillas.com\/vi\/wp-json\/wp\/v2\/media?parent=1740"}],"curies":[{"name":"wp","href":"https:\/\/api.w.org\/{rel}","templated":true}]}}